{"id":123,"date":"2023-05-25T15:25:23","date_gmt":"2023-05-25T18:25:23","guid":{"rendered":"https:\/\/quattrocanti.com.br\/?page_id=123"},"modified":"2025-06-16T13:55:28","modified_gmt":"2025-06-16T16:55:28","slug":"termos-de-uso","status":"publish","type":"page","link":"https:\/\/quattrocanti.com.br\/fr\/termos-de-uso\/","title":{"rendered":"Termos de uso"},"content":{"rendered":"<div data-elementor-type=\"wp-page\" data-elementor-id=\"123\" class=\"elementor elementor-123\" data-elementor-post-type=\"page\">\n\t\t\t\t<div class=\"elementor-element elementor-element-dbf5135 e-flex e-con-boxed e-con e-parent\" data-id=\"dbf5135\" data-element_type=\"container\" data-e-type=\"container\" data-settings=\"{&quot;background_background&quot;:&quot;classic&quot;}\">\n\t\t\t\t\t<div class=\"e-con-inner\">\n\t\t\t\t\t<\/div>\n\t\t\t\t<\/div>\n\t\t\t\t<section class=\"elementor-section elementor-top-section elementor-element elementor-element-42ce134 elementor-section-boxed elementor-section-height-default elementor-section-height-default\" data-id=\"42ce134\" data-element_type=\"section\" data-e-type=\"section\">\n\t\t\t\t\t\t<div class=\"elementor-container elementor-column-gap-default\">\n\t\t\t\t\t<div class=\"elementor-column elementor-col-100 elementor-top-column elementor-element elementor-element-043b1a1\" data-id=\"043b1a1\" data-element_type=\"column\" data-e-type=\"column\">\n\t\t\t<div class=\"elementor-widget-wrap elementor-element-populated\">\n\t\t\t\t\t\t<div class=\"elementor-element elementor-element-464be74 elementor-widget elementor-widget-text-editor\" data-id=\"464be74\" data-element_type=\"widget\" data-e-type=\"widget\" data-widget_type=\"text-editor.default\">\n\t\t\t\t<div class=\"elementor-widget-container\">\n\t\t\t\t\t\t\t\t\t<h3><span style=\"color: inherit; font-family: inherit; font-size: 1.75rem;\">TERMOS DE USO \u2014 <\/span><br><\/h3>\n<p>, pessoa jur\u00eddica de direito privado descreve, atrav\u00e9s deste documento, as regras de uso do site&nbsp; e qualquer outro site, loja ou aplicativo operado pelo propriet\u00e1rio.<\/p>\n<p>En naviguant sur ce site, nous consid\u00e9rons que vous acceptez les conditions d&#039;utilisation ci-dessous.<\/p>\n<p>Si vous n&#039;\u00eates pas d&#039;accord avec les termes de ce contrat, nous vous demandons de ne plus utiliser ce site Web, et encore moins de vous inscrire ou d&#039;envoyer vos donn\u00e9es personnelles.<\/p>\n<p>Si nous modifions nos Conditions d&#039;utilisation, nous publierons le nouveau texte sur ce site web avec la date de r\u00e9vision mise \u00e0 jour. Nous nous r\u00e9servons le droit de modifier ce document \u00e0 tout moment. En cas de modification significative des termes du pr\u00e9sent accord, nous pourrons vous en informer via les coordonn\u00e9es figurant dans notre base de donn\u00e9es ou par notification.<\/p>\n<p>L&#039;utilisation de ce site web apr\u00e8s les modifications implique l&#039;acceptation des Conditions d&#039;utilisation r\u00e9vis\u00e9es. Si, apr\u00e8s lecture de la version r\u00e9vis\u00e9e, vous n&#039;\u00eates pas d&#039;accord avec ses termes, veuillez r\u00e9silier votre acc\u00e8s.<\/p>\n<ul>\n<li>\n<h4>Section 1 \u2013 Utilisateur<\/h4>\n<p>L&#039;utilisation de ce site Web attribue automatiquement la condition d&#039;Utilisateur et implique l&#039;acceptation compl\u00e8te de toutes les directives et conditions incluses dans ces Conditions.<\/p>\n<\/li>\n<li>\n<h4>Section 2 \u2013 Adh\u00e9sion \u00e0 la Politique de confidentialit\u00e9<\/h4>\n<p>A utiliza\u00e7\u00e3o deste website acarreta a ades\u00e3o aos presentes Termos de Uso e a vers\u00e3o mais atualizada da Pol\u00edtica de Privacidade de .<\/p>\n<\/li>\n<li>\n<h4>Section 3 \u2013 Conditions d\u2019acc\u00e8s<\/h4>\n<p>Em geral, o acesso ao website da  possui car\u00e1ter gratuito e n\u00e3o exige pr\u00e9via inscri\u00e7\u00e3o ou registro.<\/p>\n<p>Cependant, pour profiter de certaines fonctionnalit\u00e9s, l&#039;utilisateur peut avoir besoin de s&#039;inscrire, en cr\u00e9ant un compte utilisateur avec son propre identifiant et mot de passe pour y acc\u00e9der.<\/p>\n<p>Il est de la seule responsabilit\u00e9 de l&#039;utilisateur de ne fournir que des informations correctes, authentiques, valides, compl\u00e8tes et \u00e0 jour, ainsi que de ne pas divulguer son identifiant et son mot de passe \u00e0 des tiers.<\/p>\n<p>Partes deste website oferecem ao usu\u00e1rio a op\u00e7\u00e3o de publicar coment\u00e1rios em determinadas \u00e1reas.  n\u00e3o consente com a publica\u00e7\u00e3o de conte\u00fados que tenham natureza discriminat\u00f3ria, ofensiva ou il\u00edcita, ou ainda infrinjam direitos de autor ou quaisquer outros direitos de terceiros.<\/p>\n<p>A publica\u00e7\u00e3o de quaisquer conte\u00fados pelo usu\u00e1rio deste website, incluindo mensagens e coment\u00e1rios, implica em licen\u00e7a n\u00e3o-exclusiva, irrevog\u00e1vel e irretrat\u00e1vel, para sua utiliza\u00e7\u00e3o, reprodu\u00e7\u00e3o e publica\u00e7\u00e3o pela  no seu website, plataformas e aplica\u00e7\u00f5es de internet, ou ainda em outras plataformas, sem qualquer restri\u00e7\u00e3o ou limita\u00e7\u00e3o.<\/p>\n<\/li>\n<li>\n<h4>Section 4 \u2013 Cookies<\/h4>\n<p>Des informations sur votre utilisation de ce site web peuvent \u00eatre collect\u00e9es via des cookies. Les cookies sont des \u00e9l\u00e9ments d&#039;information stock\u00e9s directement sur l&#039;ordinateur que vous utilisez. Ils nous permettent de collecter des informations telles que votre type de navigateur, le temps pass\u00e9 sur le site, les pages visit\u00e9es, vos pr\u00e9f\u00e9rences linguistiques et d&#039;autres donn\u00e9es de trafic anonymes. Nous et nos prestataires de services utilisons ces informations \u00e0 des fins de s\u00e9curit\u00e9, pour faciliter la navigation, afficher les informations plus efficacement et personnaliser votre exp\u00e9rience sur ce site web, ainsi qu&#039;\u00e0 des fins de suivi en ligne. Nous collectons \u00e9galement des informations statistiques sur l&#039;utilisation du site web afin d&#039;am\u00e9liorer continuellement sa conception et ses fonctionnalit\u00e9s, de comprendre comment le site est utilis\u00e9 et de vous aider \u00e0 r\u00e9soudre les probl\u00e8mes pertinents.<\/p>\n<p>Si vous ne souhaitez pas que vos informations soient collect\u00e9es via des cookies, la plupart des navigateurs proposent une proc\u00e9dure simple permettant de les rejeter automatiquement ou d&#039;accepter ou de refuser le transfert d&#039;un ou plusieurs cookies sp\u00e9cifiques d&#039;un site web vers votre ordinateur. Cependant, cela peut entra\u00eener des d\u00e9sagr\u00e9ments lors de l&#039;utilisation du site web.<\/p>\n<p>Les param\u00e8tres que vous choisissez peuvent affecter votre exp\u00e9rience de navigation et les fonctionnalit\u00e9s n\u00e9cessitant l&#039;utilisation de cookies. Par cons\u00e9quent, nous d\u00e9clinons toute responsabilit\u00e9 quant aux cons\u00e9quences r\u00e9sultant de la limitation des fonctionnalit\u00e9s de ce site web caus\u00e9e par la d\u00e9sactivation des cookies sur votre appareil (impossibilit\u00e9 d&#039;installer ou de lire un cookie).<\/p>\n<\/li>\n<li>\n<h4>Section 5 \u2013 Propri\u00e9t\u00e9 intellectuelle<\/h4>\n<p>Todos os elementos de  s\u00e3o de propriedade intelectual da mesma ou de seus licenciados. Estes Termos ou a utiliza\u00e7\u00e3o do website n\u00e3o concede a voc\u00ea qualquer licen\u00e7a ou direito de uso dos direitos de propriedade intelectual da ou de terceiros.<\/p>\n<\/li>\n<li>\n<h4>Section 6 \u2013 Liens vers des sites tiers<\/h4>\n<p>Ce site web peut contenir des liens hypertextes qui vous redirigeront vers les sites web de nos r\u00e9seaux partenaires, annonceurs, fournisseurs, etc. Si vous cliquez sur l&#039;un de ces liens vers l&#039;un de ces sites, veuillez noter que chaque site a ses propres pratiques de confidentialit\u00e9 et que nous ne sommes pas responsables de ces politiques. Veuillez consulter ces politiques avant de soumettre des donn\u00e9es personnelles \u00e0 ces sites.<\/p>\n<p>Nous ne sommes pas responsables des politiques et pratiques de collecte, d&#039;utilisation et de divulgation (y compris les pratiques de protection des donn\u00e9es) d&#039;autres organisations, telles que Facebook, Apple, Google, Microsoft ou tout autre d\u00e9veloppeur de logiciels ou fournisseur d&#039;applications, plateforme de m\u00e9dias sociaux, syst\u00e8me d&#039;exploitation, fournisseur d&#039;acc\u00e8s Internet sans fil ou fabricant d&#039;appareils, y compris des Donn\u00e9es personnelles que vous divulguez \u00e0 d&#039;autres organisations via les applications, en lien avec ces applications ou publi\u00e9es sur nos pages de m\u00e9dias sociaux. Nous vous recommandons de lire la politique de confidentialit\u00e9 et les conditions d&#039;utilisation de chaque site web que vous consultez ou de chaque fournisseur de services que vous utilisez.<\/p>\n<\/li>\n<li>\n<h4>Section 7 \u2013 D\u00e9lais et modifications<\/h4>\n<p>Ce site Web fonctionnera pour une dur\u00e9e ind\u00e9termin\u00e9e.<\/p>\n<p>O website no todo ou em cada uma das suas se\u00e7\u00f5es, pode ser encerrado, suspenso ou interrompido unilateralmente por  , a qualquer momento e sem necessidade de pr\u00e9vio aviso.<\/p>\n<\/li>\n<li>\n<h4>Section 8 \u2013 Donn\u00e9es personnelles<\/h4>\n<p>Durante a utiliza\u00e7\u00e3o deste website, certos dados pessoais ser\u00e3o coletados e tratados por  e\/ou pelos Parceiros. As regras relacionadas ao tratamento de dados pessoais de  est\u00e3o estipuladas na Pol\u00edtica de Privacidade.<\/p>\n<\/li>\n<li>\n<h4>Section 9 \u2013 Contact<\/h4>\n<p>Caso voc\u00ea tenha qualquer d\u00favida sobre os Termos de Uso, por favor, entre em contato pelo e-mail&nbsp;.<\/p>\n<\/li>\n<\/ul>\t\t\t\t\t\t\t\t<\/div>\n\t\t\t\t<\/div>\n\t\t\t\t\t<\/div>\n\t\t<\/div>\n\t\t\t\t\t<\/div>\n\t\t<\/section>\n\t\t\t\t<\/div>","protected":false},"excerpt":{"rendered":"<p>TERMOS DE USO \u2014 , pessoa jur\u00eddica de direito privado descreve, atrav\u00e9s deste documento, as regras de uso do site&nbsp; e qualquer outro site, loja ou aplicativo operado pelo propriet\u00e1rio. Ao navegar neste website, consideramos que voc\u00ea est\u00e1 de acordo com os Termos de Uso abaixo. Caso voc\u00ea n\u00e3o esteja de acordo com as condi\u00e7\u00f5es [&hellip;]<\/p>","protected":false},"author":1,"featured_media":0,"parent":0,"menu_order":0,"comment_status":"closed","ping_status":"closed","template":"","meta":{"_acf_changed":false,"_joinchat":[],"footnotes":""},"class_list":["post-123","page","type-page","status-publish","hentry"],"acf":[],"yoast_head":"<!-- This site is optimized with the Yoast SEO plugin v27.2 - https:\/\/yoast.com\/product\/yoast-seo-wordpress\/ -->\n<title>Termos de uso - QUATTRO CANTI<\/title>\n<meta name=\"robots\" content=\"index, follow, max-snippet:-1, max-image-preview:large, max-video-preview:-1\" \/>\n<link rel=\"canonical\" href=\"https:\/\/quattrocanti.com.br\/fr\/termos-de-uso\/\" \/>\n<meta property=\"og:locale\" content=\"fr_FR\" \/>\n<meta property=\"og:type\" content=\"article\" \/>\n<meta property=\"og:title\" content=\"Termos de uso - QUATTRO CANTI\" \/>\n<meta property=\"og:description\" content=\"TERMOS DE USO \u2014 , pessoa jur\u00eddica de direito privado descreve, atrav\u00e9s deste documento, as regras de uso do site&nbsp; e qualquer outro site, loja ou aplicativo operado pelo propriet\u00e1rio. Ao navegar neste website, consideramos que voc\u00ea est\u00e1 de acordo com os Termos de Uso abaixo. Caso voc\u00ea n\u00e3o esteja de acordo com as condi\u00e7\u00f5es [&hellip;]\" \/>\n<meta property=\"og:url\" content=\"https:\/\/quattrocanti.com.br\/fr\/termos-de-uso\/\" \/>\n<meta property=\"og:site_name\" content=\"QUATTRO CANTI\" \/>\n<meta property=\"article:modified_time\" content=\"2025-06-16T16:55:28+00:00\" \/>\n<meta name=\"twitter:card\" content=\"summary_large_image\" \/>\n<meta name=\"twitter:label1\" content=\"Dur\u00e9e de lecture estim\u00e9e\" \/>\n\t<meta name=\"twitter:data1\" content=\"6 minutes\" \/>\n<script type=\"application\/ld+json\" class=\"yoast-schema-graph\">{\"@context\":\"https:\/\/schema.org\",\"@graph\":[{\"@type\":\"WebPage\",\"@id\":\"https:\/\/quattrocanti.com.br\/termos-de-uso\/\",\"url\":\"https:\/\/quattrocanti.com.br\/termos-de-uso\/\",\"name\":\"Termos de uso - QUATTRO CANTI\",\"isPartOf\":{\"@id\":\"https:\/\/quattrocanti.com.br\/#website\"},\"datePublished\":\"2023-05-25T18:25:23+00:00\",\"dateModified\":\"2025-06-16T16:55:28+00:00\",\"breadcrumb\":{\"@id\":\"https:\/\/quattrocanti.com.br\/termos-de-uso\/#breadcrumb\"},\"inLanguage\":\"fr-FR\",\"potentialAction\":[{\"@type\":\"ReadAction\",\"target\":[\"https:\/\/quattrocanti.com.br\/termos-de-uso\/\"]}]},{\"@type\":\"BreadcrumbList\",\"@id\":\"https:\/\/quattrocanti.com.br\/termos-de-uso\/#breadcrumb\",\"itemListElement\":[{\"@type\":\"ListItem\",\"position\":1,\"name\":\"In\u00edcio\",\"item\":\"https:\/\/quattrocanti.com.br\/\"},{\"@type\":\"ListItem\",\"position\":2,\"name\":\"Termos de uso\"}]},{\"@type\":\"WebSite\",\"@id\":\"https:\/\/quattrocanti.com.br\/#website\",\"url\":\"https:\/\/quattrocanti.com.br\/\",\"name\":\"QUATTRO CANTI\",\"description\":\"\",\"publisher\":{\"@id\":\"https:\/\/quattrocanti.com.br\/#organization\"},\"potentialAction\":[{\"@type\":\"SearchAction\",\"target\":{\"@type\":\"EntryPoint\",\"urlTemplate\":\"https:\/\/quattrocanti.com.br\/?s={search_term_string}\"},\"query-input\":{\"@type\":\"PropertyValueSpecification\",\"valueRequired\":true,\"valueName\":\"search_term_string\"}}],\"inLanguage\":\"fr-FR\"},{\"@type\":\"Organization\",\"@id\":\"https:\/\/quattrocanti.com.br\/#organization\",\"name\":\"QUATTRO CANTI\",\"url\":\"https:\/\/quattrocanti.com.br\/\",\"logo\":{\"@type\":\"ImageObject\",\"inLanguage\":\"fr-FR\",\"@id\":\"https:\/\/quattrocanti.com.br\/#\/schema\/logo\/image\/\",\"url\":\"https:\/\/quattrocanti.com.br\/wp-content\/uploads\/2023\/05\/Group.png\",\"contentUrl\":\"https:\/\/quattrocanti.com.br\/wp-content\/uploads\/2023\/05\/Group.png\",\"width\":449,\"height\":65,\"caption\":\"QUATTRO CANTI\"},\"image\":{\"@id\":\"https:\/\/quattrocanti.com.br\/#\/schema\/logo\/image\/\"}}]}<\/script>\n<!-- \/ Yoast SEO plugin. -->","yoast_head_json":{"title":"Termos de uso - QUATTRO CANTI","robots":{"index":"index","follow":"follow","max-snippet":"max-snippet:-1","max-image-preview":"max-image-preview:large","max-video-preview":"max-video-preview:-1"},"canonical":"https:\/\/quattrocanti.com.br\/fr\/termos-de-uso\/","og_locale":"fr_FR","og_type":"article","og_title":"Termos de uso - QUATTRO CANTI","og_description":"TERMOS DE USO \u2014 , pessoa jur\u00eddica de direito privado descreve, atrav\u00e9s deste documento, as regras de uso do site&nbsp; e qualquer outro site, loja ou aplicativo operado pelo propriet\u00e1rio. Ao navegar neste website, consideramos que voc\u00ea est\u00e1 de acordo com os Termos de Uso abaixo. Caso voc\u00ea n\u00e3o esteja de acordo com as condi\u00e7\u00f5es [&hellip;]","og_url":"https:\/\/quattrocanti.com.br\/fr\/termos-de-uso\/","og_site_name":"QUATTRO CANTI","article_modified_time":"2025-06-16T16:55:28+00:00","twitter_card":"summary_large_image","twitter_misc":{"Dur\u00e9e de lecture estim\u00e9e":"6 minutes"},"schema":{"@context":"https:\/\/schema.org","@graph":[{"@type":"WebPage","@id":"https:\/\/quattrocanti.com.br\/termos-de-uso\/","url":"https:\/\/quattrocanti.com.br\/termos-de-uso\/","name":"Termos de uso - QUATTRO CANTI","isPartOf":{"@id":"https:\/\/quattrocanti.com.br\/#website"},"datePublished":"2023-05-25T18:25:23+00:00","dateModified":"2025-06-16T16:55:28+00:00","breadcrumb":{"@id":"https:\/\/quattrocanti.com.br\/termos-de-uso\/#breadcrumb"},"inLanguage":"fr-FR","potentialAction":[{"@type":"ReadAction","target":["https:\/\/quattrocanti.com.br\/termos-de-uso\/"]}]},{"@type":"BreadcrumbList","@id":"https:\/\/quattrocanti.com.br\/termos-de-uso\/#breadcrumb","itemListElement":[{"@type":"ListItem","position":1,"name":"In\u00edcio","item":"https:\/\/quattrocanti.com.br\/"},{"@type":"ListItem","position":2,"name":"Termos de uso"}]},{"@type":"WebSite","@id":"https:\/\/quattrocanti.com.br\/#website","url":"https:\/\/quattrocanti.com.br\/","name":"QUATTRO CANTI","description":"","publisher":{"@id":"https:\/\/quattrocanti.com.br\/#organization"},"potentialAction":[{"@type":"SearchAction","target":{"@type":"EntryPoint","urlTemplate":"https:\/\/quattrocanti.com.br\/?s={search_term_string}"},"query-input":{"@type":"PropertyValueSpecification","valueRequired":true,"valueName":"search_term_string"}}],"inLanguage":"fr-FR"},{"@type":"Organization","@id":"https:\/\/quattrocanti.com.br\/#organization","name":"QUATTRO CANTI","url":"https:\/\/quattrocanti.com.br\/","logo":{"@type":"ImageObject","inLanguage":"fr-FR","@id":"https:\/\/quattrocanti.com.br\/#\/schema\/logo\/image\/","url":"https:\/\/quattrocanti.com.br\/wp-content\/uploads\/2023\/05\/Group.png","contentUrl":"https:\/\/quattrocanti.com.br\/wp-content\/uploads\/2023\/05\/Group.png","width":449,"height":65,"caption":"QUATTRO CANTI"},"image":{"@id":"https:\/\/quattrocanti.com.br\/#\/schema\/logo\/image\/"}}]}},"_links":{"self":[{"href":"https:\/\/quattrocanti.com.br\/fr\/wp-json\/wp\/v2\/pages\/123","targetHints":{"allow":["GET"]}}],"collection":[{"href":"https:\/\/quattrocanti.com.br\/fr\/wp-json\/wp\/v2\/pages"}],"about":[{"href":"https:\/\/quattrocanti.com.br\/fr\/wp-json\/wp\/v2\/types\/page"}],"author":[{"embeddable":true,"href":"https:\/\/quattrocanti.com.br\/fr\/wp-json\/wp\/v2\/users\/1"}],"replies":[{"embeddable":true,"href":"https:\/\/quattrocanti.com.br\/fr\/wp-json\/wp\/v2\/comments?post=123"}],"version-history":[{"count":0,"href":"https:\/\/quattrocanti.com.br\/fr\/wp-json\/wp\/v2\/pages\/123\/revisions"}],"wp:attachment":[{"href":"https:\/\/quattrocanti.com.br\/fr\/wp-json\/wp\/v2\/media?parent=123"}],"curies":[{"name":"wp","href":"https:\/\/api.w.org\/{rel}","templated":true}]}}