{"id":123,"date":"2023-05-25T15:25:23","date_gmt":"2023-05-25T18:25:23","guid":{"rendered":"https:\/\/quattrocanti.com.br\/?page_id=123"},"modified":"2025-06-16T13:55:28","modified_gmt":"2025-06-16T16:55:28","slug":"termos-de-uso","status":"publish","type":"page","link":"https:\/\/quattrocanti.com.br\/en\/termos-de-uso\/","title":{"rendered":"Termos de uso"},"content":{"rendered":"<div data-elementor-type=\"wp-page\" data-elementor-id=\"123\" class=\"elementor elementor-123\" data-elementor-post-type=\"page\">\n\t\t\t\t<div class=\"elementor-element elementor-element-dbf5135 e-flex e-con-boxed e-con e-parent\" data-id=\"dbf5135\" data-element_type=\"container\" data-e-type=\"container\" data-settings=\"{&quot;background_background&quot;:&quot;classic&quot;}\">\n\t\t\t\t\t<div class=\"e-con-inner\">\n\t\t\t\t\t<\/div>\n\t\t\t\t<\/div>\n\t\t\t\t<section class=\"elementor-section elementor-top-section elementor-element elementor-element-42ce134 elementor-section-boxed elementor-section-height-default elementor-section-height-default\" data-id=\"42ce134\" data-element_type=\"section\" data-e-type=\"section\">\n\t\t\t\t\t\t<div class=\"elementor-container elementor-column-gap-default\">\n\t\t\t\t\t<div class=\"elementor-column elementor-col-100 elementor-top-column elementor-element elementor-element-043b1a1\" data-id=\"043b1a1\" data-element_type=\"column\" data-e-type=\"column\">\n\t\t\t<div class=\"elementor-widget-wrap elementor-element-populated\">\n\t\t\t\t\t\t<div class=\"elementor-element elementor-element-464be74 elementor-widget elementor-widget-text-editor\" data-id=\"464be74\" data-element_type=\"widget\" data-e-type=\"widget\" data-widget_type=\"text-editor.default\">\n\t\t\t\t<div class=\"elementor-widget-container\">\n\t\t\t\t\t\t\t\t\t<h3><span style=\"color: inherit; font-family: inherit; font-size: 1.75rem;\">TERMOS DE USO \u2014 <\/span><br><\/h3>\n<p>, pessoa jur\u00eddica de direito privado descreve, atrav\u00e9s deste documento, as regras de uso do site&nbsp; e qualquer outro site, loja ou aplicativo operado pelo propriet\u00e1rio.<\/p>\n<p>By browsing this website, we consider that you agree to the Terms of Use below.<\/p>\n<p>If you do not agree with the terms of this contract, we ask that you no longer use this website, much less register or send your personal data.<\/p>\n<p>If we modify our Terms of Use, we will post the new text on this website with the updated revision date. We may modify this document at any time. If there is a significant change to the terms of this agreement, we may notify you through the contact information we have in our database or through notifications.<\/p>\n<p>Using this website after the changes means you accept the revised Terms of Use. If, after reading the revised version, you do not agree with its terms, please terminate your access.<\/p>\n<ul>\n<li>\n<h4>Section 1 \u2013 User<\/h4>\n<p>The use of this website automatically attributes the condition of User and implies full acceptance of all guidelines and conditions included in these Terms.<\/p>\n<\/li>\n<li>\n<h4>Section 2 \u2013 Adherence in conjunction with the Privacy Policy<\/h4>\n<p>A utiliza\u00e7\u00e3o deste website acarreta a ades\u00e3o aos presentes Termos de Uso e a vers\u00e3o mais atualizada da Pol\u00edtica de Privacidade de .<\/p>\n<\/li>\n<li>\n<h4>Section 3 \u2013 Conditions of access<\/h4>\n<p>Em geral, o acesso ao website da  possui car\u00e1ter gratuito e n\u00e3o exige pr\u00e9via inscri\u00e7\u00e3o ou registro.<\/p>\n<p>However, to enjoy some features, the user may need to register, creating a user account with their own login and password for access.<\/p>\n<p>It is the user&#039;s sole responsibility to provide only correct, authentic, valid, complete and up-to-date information, as well as not to disclose their login and password to third parties.<\/p>\n<p>Partes deste website oferecem ao usu\u00e1rio a op\u00e7\u00e3o de publicar coment\u00e1rios em determinadas \u00e1reas.  n\u00e3o consente com a publica\u00e7\u00e3o de conte\u00fados que tenham natureza discriminat\u00f3ria, ofensiva ou il\u00edcita, ou ainda infrinjam direitos de autor ou quaisquer outros direitos de terceiros.<\/p>\n<p>A publica\u00e7\u00e3o de quaisquer conte\u00fados pelo usu\u00e1rio deste website, incluindo mensagens e coment\u00e1rios, implica em licen\u00e7a n\u00e3o-exclusiva, irrevog\u00e1vel e irretrat\u00e1vel, para sua utiliza\u00e7\u00e3o, reprodu\u00e7\u00e3o e publica\u00e7\u00e3o pela  no seu website, plataformas e aplica\u00e7\u00f5es de internet, ou ainda em outras plataformas, sem qualquer restri\u00e7\u00e3o ou limita\u00e7\u00e3o.<\/p>\n<\/li>\n<li>\n<h4>Section 4 \u2013 Cookies<\/h4>\n<p>Information about your use of this website may be collected through cookies. Cookies are pieces of information stored directly on the computer you are using. Cookies allow us to collect information such as your browser type, time spent on the website, pages visited, language preferences, and other anonymous traffic data. We and our service providers use this information for security purposes, to facilitate navigation, display information more efficiently, and personalize your experience using this website, as well as for online tracking. We also collect statistical information about website usage to continually improve our design and functionality, to understand how the website is used, and to assist you with relevant issues.<\/p>\n<p>If you do not wish for your information to be collected through cookies, there is a simple procedure in most browsers that allows you to automatically reject cookies, or gives you the option to accept or reject the transfer of a specific cookie (or cookies) from a given website to your computer. However, this may cause inconvenience when using the website.<\/p>\n<p>The settings you choose may affect your browsing experience and the functionality that requires the use of cookies. Therefore, we decline any responsibility for the consequences resulting from the limited functionality of this website caused by disabling cookies on your device (inability to set or read a cookie).<\/p>\n<\/li>\n<li>\n<h4>Section 5 \u2013 Intellectual Property<\/h4>\n<p>Todos os elementos de  s\u00e3o de propriedade intelectual da mesma ou de seus licenciados. Estes Termos ou a utiliza\u00e7\u00e3o do website n\u00e3o concede a voc\u00ea qualquer licen\u00e7a ou direito de uso dos direitos de propriedade intelectual da ou de terceiros.<\/p>\n<\/li>\n<li>\n<h4>Section 6 \u2013 Links to Third Party Sites<\/h4>\n<p>This website may, from time to time, contain hypertext links that will redirect you to websites of our partner networks, advertisers, suppliers, etc. If you click on one of these links to any of these sites, please remember that each site has its own privacy practices and that we are not responsible for these policies. Please review these policies before submitting any Personal Data to these sites.<\/p>\n<p>We are not responsible for the collection, use, and disclosure policies and practices (including data protection practices) of other organizations, such as Facebook, Apple, Google, Microsoft, or any other software developer or app provider, social media store, operating system, wireless internet service provider, or device manufacturer, including any Personal Data you disclose to other organizations through the apps, in connection with such apps, or posted on our social media pages. We recommend that you read the privacy policy and terms of use of each website you visit or each service provider you use.<\/p>\n<\/li>\n<li>\n<h4>Section 7 \u2013 Deadlines and Amendments<\/h4>\n<p>This website will operate for an indefinite period.<\/p>\n<p>O website no todo ou em cada uma das suas se\u00e7\u00f5es, pode ser encerrado, suspenso ou interrompido unilateralmente por  , a qualquer momento e sem necessidade de pr\u00e9vio aviso.<\/p>\n<\/li>\n<li>\n<h4>Section 8 \u2013 Personal Data<\/h4>\n<p>Durante a utiliza\u00e7\u00e3o deste website, certos dados pessoais ser\u00e3o coletados e tratados por  e\/ou pelos Parceiros. As regras relacionadas ao tratamento de dados pessoais de  est\u00e3o estipuladas na Pol\u00edtica de Privacidade.<\/p>\n<\/li>\n<li>\n<h4>Section 9 \u2013 Contact<\/h4>\n<p>Caso voc\u00ea tenha qualquer d\u00favida sobre os Termos de Uso, por favor, entre em contato pelo e-mail&nbsp;.<\/p>\n<\/li>\n<\/ul>\t\t\t\t\t\t\t\t<\/div>\n\t\t\t\t<\/div>\n\t\t\t\t\t<\/div>\n\t\t<\/div>\n\t\t\t\t\t<\/div>\n\t\t<\/section>\n\t\t\t\t<\/div>","protected":false},"excerpt":{"rendered":"<p>TERMOS DE USO \u2014 , pessoa jur\u00eddica de direito privado descreve, atrav\u00e9s deste documento, as regras de uso do site&nbsp; e qualquer outro site, loja ou aplicativo operado pelo propriet\u00e1rio. Ao navegar neste website, consideramos que voc\u00ea est\u00e1 de acordo com os Termos de Uso abaixo. Caso voc\u00ea n\u00e3o esteja de acordo com as condi\u00e7\u00f5es [&hellip;]<\/p>","protected":false},"author":1,"featured_media":0,"parent":0,"menu_order":0,"comment_status":"closed","ping_status":"closed","template":"","meta":{"_acf_changed":false,"_joinchat":[],"footnotes":""},"class_list":["post-123","page","type-page","status-publish","hentry"],"acf":[],"yoast_head":"<!-- This site is optimized with the Yoast SEO plugin v27.2 - https:\/\/yoast.com\/product\/yoast-seo-wordpress\/ -->\n<title>Termos de uso - QUATTRO CANTI<\/title>\n<meta name=\"robots\" content=\"index, follow, max-snippet:-1, max-image-preview:large, max-video-preview:-1\" \/>\n<link rel=\"canonical\" href=\"https:\/\/quattrocanti.com.br\/en\/termos-de-uso\/\" \/>\n<meta property=\"og:locale\" content=\"en_US\" \/>\n<meta property=\"og:type\" content=\"article\" \/>\n<meta property=\"og:title\" content=\"Termos de uso - QUATTRO CANTI\" \/>\n<meta property=\"og:description\" content=\"TERMOS DE USO \u2014 , pessoa jur\u00eddica de direito privado descreve, atrav\u00e9s deste documento, as regras de uso do site&nbsp; e qualquer outro site, loja ou aplicativo operado pelo propriet\u00e1rio. Ao navegar neste website, consideramos que voc\u00ea est\u00e1 de acordo com os Termos de Uso abaixo. Caso voc\u00ea n\u00e3o esteja de acordo com as condi\u00e7\u00f5es [&hellip;]\" \/>\n<meta property=\"og:url\" content=\"https:\/\/quattrocanti.com.br\/en\/termos-de-uso\/\" \/>\n<meta property=\"og:site_name\" content=\"QUATTRO CANTI\" \/>\n<meta property=\"article:modified_time\" content=\"2025-06-16T16:55:28+00:00\" \/>\n<meta name=\"twitter:card\" content=\"summary_large_image\" \/>\n<meta name=\"twitter:label1\" content=\"Est. reading time\" \/>\n\t<meta name=\"twitter:data1\" content=\"6 minutes\" \/>\n<script type=\"application\/ld+json\" class=\"yoast-schema-graph\">{\"@context\":\"https:\/\/schema.org\",\"@graph\":[{\"@type\":\"WebPage\",\"@id\":\"https:\/\/quattrocanti.com.br\/termos-de-uso\/\",\"url\":\"https:\/\/quattrocanti.com.br\/termos-de-uso\/\",\"name\":\"Termos de uso - QUATTRO CANTI\",\"isPartOf\":{\"@id\":\"https:\/\/quattrocanti.com.br\/#website\"},\"datePublished\":\"2023-05-25T18:25:23+00:00\",\"dateModified\":\"2025-06-16T16:55:28+00:00\",\"breadcrumb\":{\"@id\":\"https:\/\/quattrocanti.com.br\/termos-de-uso\/#breadcrumb\"},\"inLanguage\":\"en-US\",\"potentialAction\":[{\"@type\":\"ReadAction\",\"target\":[\"https:\/\/quattrocanti.com.br\/termos-de-uso\/\"]}]},{\"@type\":\"BreadcrumbList\",\"@id\":\"https:\/\/quattrocanti.com.br\/termos-de-uso\/#breadcrumb\",\"itemListElement\":[{\"@type\":\"ListItem\",\"position\":1,\"name\":\"In\u00edcio\",\"item\":\"https:\/\/quattrocanti.com.br\/\"},{\"@type\":\"ListItem\",\"position\":2,\"name\":\"Termos de uso\"}]},{\"@type\":\"WebSite\",\"@id\":\"https:\/\/quattrocanti.com.br\/#website\",\"url\":\"https:\/\/quattrocanti.com.br\/\",\"name\":\"QUATTRO CANTI\",\"description\":\"\",\"publisher\":{\"@id\":\"https:\/\/quattrocanti.com.br\/#organization\"},\"potentialAction\":[{\"@type\":\"SearchAction\",\"target\":{\"@type\":\"EntryPoint\",\"urlTemplate\":\"https:\/\/quattrocanti.com.br\/?s={search_term_string}\"},\"query-input\":{\"@type\":\"PropertyValueSpecification\",\"valueRequired\":true,\"valueName\":\"search_term_string\"}}],\"inLanguage\":\"en-US\"},{\"@type\":\"Organization\",\"@id\":\"https:\/\/quattrocanti.com.br\/#organization\",\"name\":\"QUATTRO CANTI\",\"url\":\"https:\/\/quattrocanti.com.br\/\",\"logo\":{\"@type\":\"ImageObject\",\"inLanguage\":\"en-US\",\"@id\":\"https:\/\/quattrocanti.com.br\/#\/schema\/logo\/image\/\",\"url\":\"https:\/\/quattrocanti.com.br\/wp-content\/uploads\/2023\/05\/Group.png\",\"contentUrl\":\"https:\/\/quattrocanti.com.br\/wp-content\/uploads\/2023\/05\/Group.png\",\"width\":449,\"height\":65,\"caption\":\"QUATTRO CANTI\"},\"image\":{\"@id\":\"https:\/\/quattrocanti.com.br\/#\/schema\/logo\/image\/\"}}]}<\/script>\n<!-- \/ Yoast SEO plugin. -->","yoast_head_json":{"title":"Termos de uso - QUATTRO CANTI","robots":{"index":"index","follow":"follow","max-snippet":"max-snippet:-1","max-image-preview":"max-image-preview:large","max-video-preview":"max-video-preview:-1"},"canonical":"https:\/\/quattrocanti.com.br\/en\/termos-de-uso\/","og_locale":"en_US","og_type":"article","og_title":"Termos de uso - QUATTRO CANTI","og_description":"TERMOS DE USO \u2014 , pessoa jur\u00eddica de direito privado descreve, atrav\u00e9s deste documento, as regras de uso do site&nbsp; e qualquer outro site, loja ou aplicativo operado pelo propriet\u00e1rio. Ao navegar neste website, consideramos que voc\u00ea est\u00e1 de acordo com os Termos de Uso abaixo. Caso voc\u00ea n\u00e3o esteja de acordo com as condi\u00e7\u00f5es [&hellip;]","og_url":"https:\/\/quattrocanti.com.br\/en\/termos-de-uso\/","og_site_name":"QUATTRO CANTI","article_modified_time":"2025-06-16T16:55:28+00:00","twitter_card":"summary_large_image","twitter_misc":{"Est. reading time":"6 minutes"},"schema":{"@context":"https:\/\/schema.org","@graph":[{"@type":"WebPage","@id":"https:\/\/quattrocanti.com.br\/termos-de-uso\/","url":"https:\/\/quattrocanti.com.br\/termos-de-uso\/","name":"Termos de uso - QUATTRO CANTI","isPartOf":{"@id":"https:\/\/quattrocanti.com.br\/#website"},"datePublished":"2023-05-25T18:25:23+00:00","dateModified":"2025-06-16T16:55:28+00:00","breadcrumb":{"@id":"https:\/\/quattrocanti.com.br\/termos-de-uso\/#breadcrumb"},"inLanguage":"en-US","potentialAction":[{"@type":"ReadAction","target":["https:\/\/quattrocanti.com.br\/termos-de-uso\/"]}]},{"@type":"BreadcrumbList","@id":"https:\/\/quattrocanti.com.br\/termos-de-uso\/#breadcrumb","itemListElement":[{"@type":"ListItem","position":1,"name":"In\u00edcio","item":"https:\/\/quattrocanti.com.br\/"},{"@type":"ListItem","position":2,"name":"Termos de uso"}]},{"@type":"WebSite","@id":"https:\/\/quattrocanti.com.br\/#website","url":"https:\/\/quattrocanti.com.br\/","name":"QUATTRO CANTI","description":"","publisher":{"@id":"https:\/\/quattrocanti.com.br\/#organization"},"potentialAction":[{"@type":"SearchAction","target":{"@type":"EntryPoint","urlTemplate":"https:\/\/quattrocanti.com.br\/?s={search_term_string}"},"query-input":{"@type":"PropertyValueSpecification","valueRequired":true,"valueName":"search_term_string"}}],"inLanguage":"en-US"},{"@type":"Organization","@id":"https:\/\/quattrocanti.com.br\/#organization","name":"QUATTRO CANTI","url":"https:\/\/quattrocanti.com.br\/","logo":{"@type":"ImageObject","inLanguage":"en-US","@id":"https:\/\/quattrocanti.com.br\/#\/schema\/logo\/image\/","url":"https:\/\/quattrocanti.com.br\/wp-content\/uploads\/2023\/05\/Group.png","contentUrl":"https:\/\/quattrocanti.com.br\/wp-content\/uploads\/2023\/05\/Group.png","width":449,"height":65,"caption":"QUATTRO CANTI"},"image":{"@id":"https:\/\/quattrocanti.com.br\/#\/schema\/logo\/image\/"}}]}},"_links":{"self":[{"href":"https:\/\/quattrocanti.com.br\/en\/wp-json\/wp\/v2\/pages\/123","targetHints":{"allow":["GET"]}}],"collection":[{"href":"https:\/\/quattrocanti.com.br\/en\/wp-json\/wp\/v2\/pages"}],"about":[{"href":"https:\/\/quattrocanti.com.br\/en\/wp-json\/wp\/v2\/types\/page"}],"author":[{"embeddable":true,"href":"https:\/\/quattrocanti.com.br\/en\/wp-json\/wp\/v2\/users\/1"}],"replies":[{"embeddable":true,"href":"https:\/\/quattrocanti.com.br\/en\/wp-json\/wp\/v2\/comments?post=123"}],"version-history":[{"count":0,"href":"https:\/\/quattrocanti.com.br\/en\/wp-json\/wp\/v2\/pages\/123\/revisions"}],"wp:attachment":[{"href":"https:\/\/quattrocanti.com.br\/en\/wp-json\/wp\/v2\/media?parent=123"}],"curies":[{"name":"wp","href":"https:\/\/api.w.org\/{rel}","templated":true}]}}